{"id":595,"date":"2024-05-29T23:01:52","date_gmt":"2024-05-29T23:01:52","guid":{"rendered":"http:\/\/camperparkroquetasdemar.com\/?page_id=595"},"modified":"2024-05-30T00:19:06","modified_gmt":"2024-05-30T00:19:06","slug":"politica-de-proteccion-de-datos","status":"publish","type":"page","link":"https:\/\/camperparkroquetasdemar.com\/de\/politica-de-proteccion-de-datos\/","title":{"rendered":"Datenschutzerkl\u00e4rung"},"content":{"rendered":"<div data-elementor-type=\"wp-page\" data-elementor-id=\"595\" class=\"elementor elementor-595\" data-elementor-post-type=\"page\">\n\t\t\t\t<div class=\"elementor-element elementor-element-7f884ca e-flex e-con-boxed e-con e-parent\" data-id=\"7f884ca\" data-element_type=\"container\" data-settings=\"{&quot;background_background&quot;:&quot;classic&quot;}\">\n\t\t\t\t\t<div class=\"e-con-inner\">\n\t\t\t\t\t<\/div>\n\t\t\t\t<\/div>\n\t\t<div class=\"elementor-element elementor-element-e261edb e-con-full e-flex e-con e-parent\" data-id=\"e261edb\" data-element_type=\"container\">\n\t\t\t\t<div class=\"elementor-element elementor-element-4e13e6e elementor-widget elementor-widget-text-editor\" data-id=\"4e13e6e\" data-element_type=\"widget\" data-widget_type=\"text-editor.default\">\n\t\t\t\t<div class=\"elementor-widget-container\">\n\t\t\t\t\t\t\t<p><span style=\"font-weight: 400;\">De acuerdo con la normativa de Protecci\u00f3n de Datos de Car\u00e1cter Personal, procedemos a\u00a0<\/span><span style=\"font-weight: 400;\">informarle del tratamiento de datos personales que realizamos de nuestros clientes y\/o\u00a0<\/span><span style=\"font-weight: 400;\">usuarios de la presente p\u00e1gina web.<\/span><\/p><h2><span style=\"font-weight: 400;\">1. Responsable de tratamiento de los datos<\/span><\/h2><p><span style=\"font-weight: 400;\">CAMPER PARKVIP ROQUETAS DE MAR, S.L (en adelante CAMPER PARK ROQUETAS) <\/span><span style=\"font-weight: 400;\">C\/ ANTONIO PINTOR, N\u00ba 9 &#8211; 04740 ROQUETAS DE MAR (ALMER\u00cdA)<\/span><\/p><p><a href=\"mailto:camperparkroquetas@gmail.com\"><span style=\"font-weight: 400;\">camperparkroquetas@gmail.com<\/span><\/a><span style=\"font-weight: 400;\">.<\/span><\/p><h2><span style=\"font-weight: 400;\">2. Finalidad del tratamiento, legitimaci\u00f3n y plazo de conservaci\u00f3n.<\/span><\/h2><p><span style=\"font-weight: 400;\">CAMPER PARK ROQUETAS podr\u00e1 tratar sus datos de car\u00e1cter personal de acuerdo con las siguientes finalidades:<\/span><\/p><p><b>SERVICIO DE ATENCI\u00d3N AL USUARIO A TRAV\u00c9S DEL FORMULARIO DE CONTACTO Y\/O ENV\u00cdO DE CORREOS ELECTR\u00d3NICOS.<\/b><\/p><p><b>Finalidad de tratamiento:<\/b><span style=\"font-weight: 400;\"> trataremos los datos estrictamente necesarios para gestionar su\u00a0<\/span><span style=\"font-weight: 400;\">petici\u00f3n.<\/span><\/p><p><b>Legitimaci\u00f3n:<\/b><span style=\"font-weight: 400;\"> existe un inter\u00e9s leg\u00edtimo por ambas partes para la resoluci\u00f3n de solicitudes o consultas.<\/span><\/p><p><span style=\"font-weight: 400;\">En caso de reclamaciones relacionadas con nuestros productos o servicios, la legitimaci\u00f3n es el cumplimiento de obligaciones legales por nuestra parte.<\/span><\/p><p><span style=\"font-weight: 400;\">Por \u00faltimo, en caso de que el contacto est\u00e9 relacionado con el servicio adquirido a trav\u00e9s de la web, el tratamiento ser\u00e1 necesario para la ejecuci\u00f3n del contrato de prestaci\u00f3n del servicio.<\/span><\/p><p><b>Plazo de conservaci\u00f3n:<\/b><span style=\"font-weight: 400;\"> el tiempo necesario para dar respuesta a su solicitud y en cualquier caso, hasta que transcurra el plazo de prescripci\u00f3n de posibles acciones de responsabilidad derivadas del tratamiento.<\/span><\/p><p><b>PARA CUMPLIR CON EL CONTRATO DE COMPRAVENTA DE SERVICIOS.<\/b><\/p><p><b>Finalidad de tratamiento:<\/b><span style=\"font-weight: 400;\"> prestar el servicio o gestionar la compra realizada a trav\u00e9s de la\u00a0<\/span><span style=\"font-weight: 400;\">p\u00e1gina web.<\/span><\/p><p><span style=\"font-weight: 400;\">Gestionar el pago de los productos\/servicios comprados.<\/span><\/p><p><span style=\"font-weight: 400;\">En caso de que decida guardar los datos de tarjeta para futuras compras, necesitaremos tratar los datos para activar esta funcionalidad y autocompletar sus datos en compras posteriores.<\/span><\/p><p><span style=\"font-weight: 400;\">Podr\u00e1 modificar o eliminar sus tarjetas en cualquier momento a trav\u00e9s del apartado\u00a0<\/span><span style=\"font-weight: 400;\">correspondiente de la informaci\u00f3n de pago.<\/span><\/p><p><b>Legitimaci\u00f3n:<\/b><span style=\"font-weight: 400;\"> El tratamiento de los datos est\u00e1 legitimado por el inter\u00e9s leg\u00edtimo que supone el propio contrato de compra.<\/span><\/p><p><span style=\"font-weight: 400;\">Para almacenar los datos de tarjetas para futuras compras, la legitimaci\u00f3n es su\u00a0<\/span><span style=\"font-weight: 400;\">consentimiento.<\/span><\/p><p><span style=\"font-weight: 400;\">Consideramos que tenemos un inter\u00e9s leg\u00edtimo para detectar y prevenir posibles fraudes al\u00a0<\/span><span style=\"font-weight: 400;\">usar la plataforma, al realizar compras o gestionar devoluciones.<\/span><\/p><p><b>Plazo de conservaci\u00f3n:<\/b><span style=\"font-weight: 400;\"> durante el tiempo necesario para gestionar la compra, incluyendo\u00a0<\/span><span style=\"font-weight: 400;\">posibles devoluciones, quejas o reclamaciones asociadas a la compra.<\/span><\/p><p><span style=\"font-weight: 400;\">Conservaremos adem\u00e1s, los datos estrictamente necesarios para cumplir con las obligaciones administrativas derivadas de la compra.<\/span><\/p><p><span style=\"font-weight: 400;\">En caso de haber almacenado los datos de su tarjeta para futuras compras, esos datos se\u00a0<\/span><span style=\"font-weight: 400;\">almacenar\u00e1n hasta el momento en que usted decida eliminarlos.<\/span><\/p><h2><span style=\"font-weight: 400;\">3. Destinatarios de cesiones<\/span><\/h2><p><span style=\"font-weight: 400;\">No cederemos sus datos a terceros, salvo para dar cumplimiento a una obligaci\u00f3n legal.<\/span><\/p><h2><span style=\"font-weight: 400;\">4. Pol\u00edtica de cookies<\/span><\/h2><p><span style=\"font-weight: 400;\">Para revisar el tratamiento de datos relativo a las cookies, puede consultar la pol\u00edtica de\u00a0<\/span><span style=\"font-weight: 400;\">cookies, disponible en esta misma p\u00e1gina web.<\/span><\/p><p><span style=\"font-weight: 400;\">Podr\u00e1 configurar sus preferencias respecto al uso de cookies en el propio aviso de configuraci\u00f3n de cookies.<\/span><\/p><h2><span style=\"font-weight: 400;\">5. Derechos<\/span><\/h2><p><span style=\"font-weight: 400;\">Por \u00faltimo, le informamos de sus derechos en materia de protecci\u00f3n de datos.<\/span><\/p><ul><li style=\"font-weight: 400;\" aria-level=\"1\"><span style=\"font-weight: 400;\">Derecho a solicitar el acceso a sus datos personales.<\/span><\/li><li style=\"font-weight: 400;\" aria-level=\"1\"><span style=\"font-weight: 400;\">Derecho a solicitar su rectificaci\u00f3n o supresi\u00f3n.<\/span><\/li><li style=\"font-weight: 400;\" aria-level=\"1\"><span style=\"font-weight: 400;\">Derecho a solicitar la limitaci\u00f3n de su tratamiento, y a oponerse al tratamiento.<\/span><\/li><li style=\"font-weight: 400;\" aria-level=\"1\"><span style=\"font-weight: 400;\">Derecho a la portabilidad de los datos.<\/span><\/li><li style=\"font-weight: 400;\" aria-level=\"1\"><span style=\"font-weight: 400;\">Derecho a la retirada de su consentimiento.<\/span><\/li><\/ul><p><span style=\"font-weight: 400;\">Puede enviar su solicitud a trav\u00e9s de la cuenta de correo electr\u00f3nico: camperparkroquetas@gmail.com.<\/span><\/p><p><span style=\"font-weight: 400;\">Si considera que no hemos atendido correctamente sus derechos, podr\u00e1 formular una\u00a0<\/span><span style=\"font-weight: 400;\">reclamaci\u00f3n ante la Agencia Espa\u00f1ola de Protecci\u00f3n de Datos, a trav\u00e9s de las siguientes v\u00edas:<\/span><\/p><ul><li style=\"font-weight: 400;\" aria-level=\"1\"><span style=\"font-weight: 400;\">Sede electr\u00f3nica: www.aepd.es<\/span><\/li><li style=\"font-weight: 400;\" aria-level=\"1\"><span style=\"font-weight: 400;\">Correo postal: C\/ Jorge Juan 6, 28001 \u2013 Madrid<\/span><\/li><li style=\"font-weight: 400;\" aria-level=\"1\"><span style=\"font-weight: 400;\">Tel\u00e9fono: 901 100 099 \u2013 91 266 35 17<\/span><\/li><\/ul><h2><span style=\"font-weight: 400;\">6. Medidas de seguridad<\/span><\/h2><p><span style=\"font-weight: 400;\">CAMPER PARK ROQUETAS tiene implantadas las medidas t\u00e9cnicas y organizativas necesarias para garantizar la seguridad de sus datos de car\u00e1cter personal y evitar su alteraci\u00f3n, la p\u00e9rdida y el tratamiento y\/o el acceso no autorizado, teniendo en cuenta el estado de la tecnolog\u00eda, la naturaleza de los datos almacenados y los riesgos provenientes de la acci\u00f3n humana o del medio f\u00edsico y natural a que est\u00e1n expuestas.<\/span><\/p>\t\t\t\t\t\t<\/div>\n\t\t\t\t<\/div>\n\t\t\t\t<\/div>\n\t\t\t\t<\/div>","protected":false},"excerpt":{"rendered":"<p>De acuerdo con la normativa de Protecci\u00f3n de Datos de Car\u00e1cter Personal, procedemos a\u00a0informarle del tratamiento de datos personales que realizamos de nuestros clientes y\/o\u00a0usuarios de la presente p\u00e1gina web. 1. Responsable de tratamiento de los datos CAMPER PARKVIP ROQUETAS DE MAR, S.L (en adelante CAMPER PARK ROQUETAS) C\/ ANTONIO PINTOR, N\u00ba 9 &#8211; 04740 [&hellip;]<\/p>","protected":false},"author":1,"featured_media":0,"parent":0,"menu_order":0,"comment_status":"closed","ping_status":"closed","template":"","meta":{"footnotes":""},"class_list":["post-595","page","type-page","status-publish","hentry"],"_links":{"self":[{"href":"https:\/\/camperparkroquetasdemar.com\/de\/wp-json\/wp\/v2\/pages\/595","targetHints":{"allow":["GET"]}}],"collection":[{"href":"https:\/\/camperparkroquetasdemar.com\/de\/wp-json\/wp\/v2\/pages"}],"about":[{"href":"https:\/\/camperparkroquetasdemar.com\/de\/wp-json\/wp\/v2\/types\/page"}],"author":[{"embeddable":true,"href":"https:\/\/camperparkroquetasdemar.com\/de\/wp-json\/wp\/v2\/users\/1"}],"replies":[{"embeddable":true,"href":"https:\/\/camperparkroquetasdemar.com\/de\/wp-json\/wp\/v2\/comments?post=595"}],"version-history":[{"count":10,"href":"https:\/\/camperparkroquetasdemar.com\/de\/wp-json\/wp\/v2\/pages\/595\/revisions"}],"predecessor-version":[{"id":651,"href":"https:\/\/camperparkroquetasdemar.com\/de\/wp-json\/wp\/v2\/pages\/595\/revisions\/651"}],"wp:attachment":[{"href":"https:\/\/camperparkroquetasdemar.com\/de\/wp-json\/wp\/v2\/media?parent=595"}],"curies":[{"name":"wp","href":"https:\/\/api.w.org\/{rel}","templated":true}]}}